{"id":86,"date":"2024-02-28T16:01:29","date_gmt":"2024-02-28T16:01:29","guid":{"rendered":"https:\/\/andersen-walschleben.de\/?page_id=86"},"modified":"2025-09-15T13:14:15","modified_gmt":"2025-09-15T13:14:15","slug":"foerderverein","status":"publish","type":"page","link":"https:\/\/andersen-walschleben.de\/?page_id=86","title":{"rendered":"F\u00f6rderverein"},"content":{"rendered":"\t\t<div data-elementor-type=\"wp-page\" data-elementor-id=\"86\" class=\"elementor elementor-86\">\n\t\t\t\t<div class=\"elementor-element elementor-element-099d4f2 e-flex e-con-boxed e-con e-parent\" data-id=\"099d4f2\" data-element_type=\"container\" data-e-type=\"container\">\n\t\t\t\t\t<div class=\"e-con-inner\">\n\t\t\t\t<div class=\"elementor-element elementor-element-94fad53 elementor-widget elementor-widget-image\" data-id=\"94fad53\" data-element_type=\"widget\" data-e-type=\"widget\" data-widget_type=\"image.default\">\n\t\t\t\t<div class=\"elementor-widget-container\">\n\t\t\t\t\t\t\t\t\t\t\t\t\t\t\t<img fetchpriority=\"high\" decoding=\"async\" width=\"832\" height=\"574\" src=\"https:\/\/andersen-walschleben.de\/wp-content\/uploads\/2025\/09\/IMG_8891-1024x706.jpeg\" class=\"attachment-large size-large wp-image-1916\" alt=\"\" srcset=\"https:\/\/andersen-walschleben.de\/wp-content\/uploads\/2025\/09\/IMG_8891-1024x706.jpeg 1024w, https:\/\/andersen-walschleben.de\/wp-content\/uploads\/2025\/09\/IMG_8891-300x207.jpeg 300w, https:\/\/andersen-walschleben.de\/wp-content\/uploads\/2025\/09\/IMG_8891-768x530.jpeg 768w, https:\/\/andersen-walschleben.de\/wp-content\/uploads\/2025\/09\/IMG_8891.jpeg 1206w\" sizes=\"(max-width: 832px) 100vw, 832px\" \/>\t\t\t\t\t\t\t\t\t\t\t\t\t\t\t<\/div>\n\t\t\t\t<\/div>\n\t\t\t\t<div class=\"elementor-element elementor-element-8e25ada elementor-widget elementor-widget-text-editor\" data-id=\"8e25ada\" data-element_type=\"widget\" data-e-type=\"widget\" data-widget_type=\"text-editor.default\">\n\t\t\t\t<div class=\"elementor-widget-container\">\n\t\t\t\t\t\t\t\t\t<p>Spenden f\u00fcr den F\u00f6rderverein k\u00f6nnen an folgende Bankverbindung \u00fcberwiesen werden.<\/p><p>DE50 8205 1000 0130 0385 98<\/p>\t\t\t\t\t\t\t\t<\/div>\n\t\t\t\t<\/div>\n\t\t\t\t<div class=\"elementor-element elementor-element-10b4ae6 elementor-widget elementor-widget-text-editor\" data-id=\"10b4ae6\" data-element_type=\"widget\" data-e-type=\"widget\" data-widget_type=\"text-editor.default\">\n\t\t\t\t<div class=\"elementor-widget-container\">\n\t\t\t\t\t\t\t\t\t<p>Bei Fragen und Anregungen erreichen Sie den F\u00f6rderverein unter folgender E-Mail-Adresse:<\/p><p><span style=\"font-size: 21px;\"><strong>fv-gs-walschleben@gmx.de<\/strong><\/span><\/p>\t\t\t\t\t\t\t\t<\/div>\n\t\t\t\t<\/div>\n\t\t\t\t\t<\/div>\n\t\t\t\t<\/div>\n\t\t<div class=\"elementor-element elementor-element-75623be e-flex e-con-boxed e-con e-parent\" data-id=\"75623be\" data-element_type=\"container\" data-e-type=\"container\">\n\t\t\t\t\t<div class=\"e-con-inner\">\n\t\t\t\t<div class=\"elementor-element elementor-element-ef8afbe elementor-align-center elementor-widget elementor-widget-button\" data-id=\"ef8afbe\" data-element_type=\"widget\" data-e-type=\"widget\" data-widget_type=\"button.default\">\n\t\t\t\t<div class=\"elementor-widget-container\">\n\t\t\t\t\t\t\t\t\t<div class=\"elementor-button-wrapper\">\n\t\t\t\t\t<a class=\"elementor-button elementor-button-link elementor-size-sm\" href=\"https:\/\/andersen-walschleben.de\/wp-content\/uploads\/2024\/08\/Beitrittserklaerung.pdf\">\n\t\t\t\t\t\t<span class=\"elementor-button-content-wrapper\">\n\t\t\t\t\t\t\t\t\t<span class=\"elementor-button-text\">Beitrittsformular<\/span>\n\t\t\t\t\t<\/span>\n\t\t\t\t\t<\/a>\n\t\t\t\t<\/div>\n\t\t\t\t\t\t\t\t<\/div>\n\t\t\t\t<\/div>\n\t\t\t\t\t<\/div>\n\t\t\t\t<\/div>\n\t\t<div class=\"elementor-element elementor-element-05cc180 e-flex e-con-boxed e-con e-parent\" data-id=\"05cc180\" data-element_type=\"container\" data-e-type=\"container\">\n\t\t\t\t\t<div class=\"e-con-inner\">\n\t\t\t\t<div class=\"elementor-element elementor-element-a4cdd5c elementor-align-center elementor-widget elementor-widget-button\" data-id=\"a4cdd5c\" data-element_type=\"widget\" data-e-type=\"widget\" data-widget_type=\"button.default\">\n\t\t\t\t<div class=\"elementor-widget-container\">\n\t\t\t\t\t\t\t\t\t<div class=\"elementor-button-wrapper\">\n\t\t\t\t\t<a class=\"elementor-button elementor-button-link elementor-size-sm\" href=\"https:\/\/andersen-walschleben.de\/wp-content\/uploads\/2024\/11\/Spenden-steuerlich-geltend-machen.pdf\">\n\t\t\t\t\t\t<span class=\"elementor-button-content-wrapper\">\n\t\t\t\t\t\t\t\t\t<span class=\"elementor-button-text\">Merkblatt Spenden<\/span>\n\t\t\t\t\t<\/span>\n\t\t\t\t\t<\/a>\n\t\t\t\t<\/div>\n\t\t\t\t\t\t\t\t<\/div>\n\t\t\t\t<\/div>\n\t\t\t\t\t<\/div>\n\t\t\t\t<\/div>\n\t\t<div class=\"elementor-element elementor-element-8a0532f e-flex e-con-boxed e-con e-parent\" data-id=\"8a0532f\" data-element_type=\"container\" data-e-type=\"container\">\n\t\t\t\t\t<div class=\"e-con-inner\">\n\t\t\t\t\t<\/div>\n\t\t\t\t<\/div>\n\t\t\t\t<\/div>\n\t\t","protected":false},"excerpt":{"rendered":"<p>Spenden f\u00fcr den F\u00f6rderverein k\u00f6nnen an folgende Bankverbindung \u00fcberwiesen werden. DE50 8205 1000 0130 0385 98 Bei Fragen und Anregungen erreichen Sie den F\u00f6rderverein unter folgender E-Mail-Adresse: fv-gs-walschleben@gmx.de Beitrittsformular Merkblatt Spenden<\/p>\n","protected":false},"author":3,"featured_media":0,"parent":0,"menu_order":0,"comment_status":"closed","ping_status":"closed","template":"","meta":{"footnotes":""},"class_list":["post-86","page","type-page","status-publish","hentry"],"_links":{"self":[{"href":"https:\/\/andersen-walschleben.de\/index.php?rest_route=\/wp\/v2\/pages\/86","targetHints":{"allow":["GET"]}}],"collection":[{"href":"https:\/\/andersen-walschleben.de\/index.php?rest_route=\/wp\/v2\/pages"}],"about":[{"href":"https:\/\/andersen-walschleben.de\/index.php?rest_route=\/wp\/v2\/types\/page"}],"author":[{"embeddable":true,"href":"https:\/\/andersen-walschleben.de\/index.php?rest_route=\/wp\/v2\/users\/3"}],"replies":[{"embeddable":true,"href":"https:\/\/andersen-walschleben.de\/index.php?rest_route=%2Fwp%2Fv2%2Fcomments&post=86"}],"version-history":[{"count":44,"href":"https:\/\/andersen-walschleben.de\/index.php?rest_route=\/wp\/v2\/pages\/86\/revisions"}],"predecessor-version":[{"id":1922,"href":"https:\/\/andersen-walschleben.de\/index.php?rest_route=\/wp\/v2\/pages\/86\/revisions\/1922"}],"wp:attachment":[{"href":"https:\/\/andersen-walschleben.de\/index.php?rest_route=%2Fwp%2Fv2%2Fmedia&parent=86"}],"curies":[{"name":"wp","href":"https:\/\/api.w.org\/{rel}","templated":true}]}}