{"id":80,"date":"2024-02-28T16:01:59","date_gmt":"2024-02-28T16:01:59","guid":{"rendered":"https:\/\/andersen-walschleben.de\/?page_id=80"},"modified":"2025-02-10T15:25:33","modified_gmt":"2025-02-10T15:25:33","slug":"hort","status":"publish","type":"page","link":"https:\/\/andersen-walschleben.de\/?page_id=80","title":{"rendered":"Hort"},"content":{"rendered":"<h2>\u00d6ffnungszeiten<\/h2>\n<p>Montag bis Donnerstag 6.00 Uhr \u2013 17.00 Uhr<\/p>\n<p>Freitag bis 16.30 Uhr<\/p>\n<p>Fr\u00fchhort findet im Hauptgeb\u00e4ude statt.<\/p>\n<p>F\u00fcr Kinder ohne Fr\u00fchhort ist das Schulgeb\u00e4ude ab 7.10 Uhr ge\u00f6ffnet.<\/p>\n","protected":false},"excerpt":{"rendered":"<p>\u00d6ffnungszeiten Montag bis Donnerstag 6.00 Uhr \u2013 17.00 Uhr Freitag bis 16.30 Uhr Fr\u00fchhort findet im Hauptgeb\u00e4ude statt. F\u00fcr Kinder ohne Fr\u00fchhort ist das Schulgeb\u00e4ude ab 7.10 Uhr ge\u00f6ffnet.<\/p>\n","protected":false},"author":3,"featured_media":0,"parent":0,"menu_order":0,"comment_status":"closed","ping_status":"closed","template":"","meta":{"footnotes":""},"class_list":["post-80","page","type-page","status-publish","hentry"],"_links":{"self":[{"href":"https:\/\/andersen-walschleben.de\/index.php?rest_route=\/wp\/v2\/pages\/80","targetHints":{"allow":["GET"]}}],"collection":[{"href":"https:\/\/andersen-walschleben.de\/index.php?rest_route=\/wp\/v2\/pages"}],"about":[{"href":"https:\/\/andersen-walschleben.de\/index.php?rest_route=\/wp\/v2\/types\/page"}],"author":[{"embeddable":true,"href":"https:\/\/andersen-walschleben.de\/index.php?rest_route=\/wp\/v2\/users\/3"}],"replies":[{"embeddable":true,"href":"https:\/\/andersen-walschleben.de\/index.php?rest_route=%2Fwp%2Fv2%2Fcomments&post=80"}],"version-history":[{"count":8,"href":"https:\/\/andersen-walschleben.de\/index.php?rest_route=\/wp\/v2\/pages\/80\/revisions"}],"predecessor-version":[{"id":1224,"href":"https:\/\/andersen-walschleben.de\/index.php?rest_route=\/wp\/v2\/pages\/80\/revisions\/1224"}],"wp:attachment":[{"href":"https:\/\/andersen-walschleben.de\/index.php?rest_route=%2Fwp%2Fv2%2Fmedia&parent=80"}],"curies":[{"name":"wp","href":"https:\/\/api.w.org\/{rel}","templated":true}]}}