{"id":189,"date":"2024-06-06T15:52:50","date_gmt":"2024-06-06T15:52:50","guid":{"rendered":"https:\/\/andersen-walschleben.de\/?page_id=189"},"modified":"2025-08-20T15:05:00","modified_gmt":"2025-08-20T15:05:00","slug":"tagesrhythmus","status":"publish","type":"page","link":"https:\/\/andersen-walschleben.de\/?page_id=189","title":{"rendered":"Tagesrhythmus"},"content":{"rendered":"\t\t<div data-elementor-type=\"wp-page\" data-elementor-id=\"189\" class=\"elementor elementor-189\">\n\t\t\t\t<div class=\"elementor-element elementor-element-237c14b1 e-flex e-con-boxed e-con e-parent\" data-id=\"237c14b1\" data-element_type=\"container\" data-e-type=\"container\">\n\t\t\t\t\t<div class=\"e-con-inner\">\n\t\t\t\t<div class=\"elementor-element elementor-element-2156a25d elementor-widget elementor-widget-text-editor\" data-id=\"2156a25d\" data-element_type=\"widget\" data-e-type=\"widget\" data-widget_type=\"text-editor.default\">\n\t\t\t\t<div class=\"elementor-widget-container\">\n\t\t\t\t\t\t\t\t\t<p><!-- \/wp:paragraph --><\/p>\n<p><!-- wp:paragraph {\"align\":\"center\"} --><\/p>\n<h4><span style=\"font-size: 18px;\"><strong>Fr\u00fchhort:<\/strong> &nbsp; &nbsp;ab 6.00 Uhr<\/span><\/h4>\n<h4><span style=\"font-size: 18px;\">F\u00fcr Kinder <strong>ohne Fr\u00fchhort<\/strong> ist das Schulgeb\u00e4ude <strong>ab 7.10 Uhr<\/strong> ge\u00f6ffnet.&nbsp;<\/span><\/h4>\n<h4 class=\"has-text-align-center\"><span style=\"font-size: 18px;\"><strong>1. Stunde:&nbsp;<\/strong> &nbsp; 7.30 \u2013 &nbsp; 8.15 Uhr<\/span><\/h4>\n<h4><strong><span style=\"font-size: 18px;\">Fr\u00fchst\u00fcckspause<\/span><\/strong><\/h4>\n<p><span style=\"font-size: 18px;\"><!-- \/wp:paragraph --><\/span><\/p>\n<p><span style=\"font-size: 18px;\"><!-- wp:paragraph --><\/span><\/p>\n<h4><span style=\"font-size: 18px;\"><strong>2. Stunde:<\/strong>&nbsp; &nbsp; 8.30 \u2013 &nbsp; 9.15 Uhr<\/span><\/h4>\n<p><span style=\"font-size: 18px;\"><!-- \/wp:paragraph --><\/span><\/p>\n<p><span style=\"font-size: 18px;\"><!-- wp:paragraph --><\/span><\/p>\n<h4><strong><span style=\"font-size: 18px;\">Bewegungspause auf dem Schulhof<\/span><\/strong><\/h4>\n<p><span style=\"font-size: 18px;\"><!-- \/wp:paragraph --><\/span><\/p>\n<p><span style=\"font-size: 18px;\"><!-- wp:paragraph --><\/span><\/p>\n<p><span style=\"font-size: 18px;\"><strong>3. Stunde:<\/strong> &nbsp;9.35 \u2013&nbsp; 10.20 Uhr<\/span><\/p>\n<p><span style=\"font-size: 18px;\"><!-- \/wp:paragraph --><\/span><\/p>\n<p><span style=\"font-size: 18px;\"><!-- wp:paragraph --><\/span><\/p>\n<p><span style=\"font-size: 18px;\"><strong>4. Stunde: &nbsp;<\/strong> &nbsp;10.30 &#8211;&nbsp; 11.15 Uhr<\/span><\/p>\n<p><span style=\"font-size: 18px;\"><!-- \/wp:paragraph --><\/span><\/p>\n<p><span style=\"font-size: 18px;\"><!-- wp:paragraph --><\/span><\/p>\n<p><strong><span style=\"font-size: 18px;\">Bewegungspause auf dem&nbsp;Schulhof<\/span><\/strong><\/p>\n<p><span style=\"font-size: 18px;\"><!-- \/wp:paragraph --><\/span><\/p>\n<p><span style=\"font-size: 18px;\"><!-- wp:paragraph --><\/span><\/p>\n<p><span style=\"font-size: 18px;\"><!-- \/wp:paragraph --><\/span><\/p>\n<p><span style=\"font-size: 18px;\"><!-- wp:paragraph --><\/span><\/p>\n<p><span style=\"font-size: 18px;\"><strong>5. Stunde:<\/strong> &nbsp; &nbsp;11.45 &#8211;&nbsp; 12.30 Uhr<\/span><\/p>\n<p><span style=\"font-size: 18px;\"><!-- \/wp:paragraph --><\/span><\/p>\n<p><span style=\"font-size: 18px;\"><!-- wp:paragraph --><\/span><\/p>\n<p><span style=\"font-size: 18px;\"><strong>6. Stunde:<\/strong> &nbsp; &nbsp;12.35 &#8211;&nbsp; 13.20 Uhr&nbsp;<\/span><\/p>\n<p><span style=\"font-size: 18px;\"><!-- \/wp:paragraph --><\/span><\/p>\n<p><span style=\"font-size: 18px;\"><!-- wp:paragraph --><\/span><\/p>\n<p><strong><span style=\"font-size: 18px;\">Mittagessen<\/span><\/strong><\/p>\n<p><strong>Hortbetreuung von Montag bis Donnerstag bis 17.00 Uhr<\/strong><\/p>\n<p><strong><span style=\"text-align: var(--text-align);\">Freitag bis 16.30 Uhr<\/span><\/strong><\/p>\n<p><strong><span style=\"font-size: large;\">&nbsp;<\/span><\/strong><\/p>\n<p><strong><span style=\"font-size: 18px;\">&nbsp;<\/span><\/strong><\/p>\n<p><!-- \/wp:paragraph --><\/p>\t\t\t\t\t\t\t\t<\/div>\n\t\t\t\t<\/div>\n\t\t\t\t\t<\/div>\n\t\t\t\t<\/div>\n\t\t\t\t<\/div>\n\t\t","protected":false},"excerpt":{"rendered":"<p>Fr\u00fchhort: &nbsp; &nbsp;ab 6.00 Uhr F\u00fcr Kinder ohne Fr\u00fchhort ist das Schulgeb\u00e4ude ab 7.10 Uhr ge\u00f6ffnet.&nbsp; 1. Stunde:&nbsp; &nbsp; 7.30 \u2013 &nbsp; 8.15 Uhr Fr\u00fchst\u00fcckspause 2. Stunde:&nbsp; &nbsp; 8.30 \u2013 &nbsp; 9.15 Uhr Bewegungspause auf dem Schulhof 3. Stunde: &nbsp;9.35 &hellip; <\/p>\n","protected":false},"author":3,"featured_media":0,"parent":0,"menu_order":0,"comment_status":"closed","ping_status":"closed","template":"","meta":{"footnotes":""},"class_list":["post-189","page","type-page","status-publish","hentry"],"_links":{"self":[{"href":"https:\/\/andersen-walschleben.de\/index.php?rest_route=\/wp\/v2\/pages\/189","targetHints":{"allow":["GET"]}}],"collection":[{"href":"https:\/\/andersen-walschleben.de\/index.php?rest_route=\/wp\/v2\/pages"}],"about":[{"href":"https:\/\/andersen-walschleben.de\/index.php?rest_route=\/wp\/v2\/types\/page"}],"author":[{"embeddable":true,"href":"https:\/\/andersen-walschleben.de\/index.php?rest_route=\/wp\/v2\/users\/3"}],"replies":[{"embeddable":true,"href":"https:\/\/andersen-walschleben.de\/index.php?rest_route=%2Fwp%2Fv2%2Fcomments&post=189"}],"version-history":[{"count":19,"href":"https:\/\/andersen-walschleben.de\/index.php?rest_route=\/wp\/v2\/pages\/189\/revisions"}],"predecessor-version":[{"id":1672,"href":"https:\/\/andersen-walschleben.de\/index.php?rest_route=\/wp\/v2\/pages\/189\/revisions\/1672"}],"wp:attachment":[{"href":"https:\/\/andersen-walschleben.de\/index.php?rest_route=%2Fwp%2Fv2%2Fmedia&parent=189"}],"curies":[{"name":"wp","href":"https:\/\/api.w.org\/{rel}","templated":true}]}}